{"id":7,"date":"2021-11-15T11:52:27","date_gmt":"2021-11-15T10:52:27","guid":{"rendered":"http:\/\/projekt-klinke.hwr-berlin.de\/?page_id=7"},"modified":"2022-02-08T12:02:18","modified_gmt":"2022-02-08T11:02:18","slug":"kontakt","status":"publish","type":"page","link":"https:\/\/projekt-klinke.hwr-berlin.de\/?page_id=7","title":{"rendered":"Kontakt"},"content":{"rendered":"\n<h2 class=\"wp-block-heading\"><strong>Projektverantwortliche<\/strong><\/h2>\n\n\n\n<p><strong><a rel=\"noreferrer noopener\" href=\"https:\/\/www.hwr-berlin.de\/hwr-berlin\/ueber-uns\/personen\/522-andrea-pelzeter\/\" target=\"_blank\">Prof. Dr. Andrea Pelzeter<\/a>         <\/strong>                  <\/p>\n\n\n\n<p>andrea.pelzeter@hwr berlin.de<\/p>\n\n\n\n<p><\/p>\n\n\n\n<p><strong><a rel=\"noreferrer noopener\" href=\"https:\/\/www.hwr-berlin.de\/hwr-berlin\/ueber-uns\/personen\/99-silke-bustamante\/\" target=\"_blank\">Prof. Dr. Silke Bustamante<\/a>    <\/strong>                    <\/p>\n\n\n\n<p>silke.bustamante@hwr berlin.de<\/p>\n\n\n\n<p><\/p>\n\n\n\n<p><strong>Franziska Ihle    <\/strong>                                               <\/p>\n\n\n\n<p>franziska.ihle@hwr berlin.de<\/p>\n\n\n\n<p><strong>Heike Pr\u00fc\u00dfe    <\/strong>                                               <\/p>\n\n\n\n<p> heike.pruesse@hwr-berlin.de  <\/p>\n\n\n\n<h2 class=\"wp-block-heading\"><strong>Adresse<\/strong><\/h2>\n\n\n\n<p>Hochschule f\u00fcr Wirtschaft und Recht<br>Campus Lichtenberg<br>Alt-Friedrichsfelde 60, 10315 Berlin<\/p>\n","protected":false},"excerpt":{"rendered":"<p>Projektverantwortliche Prof. Dr. Andrea Pelzeter andrea.pelzeter@hwr berlin.de Prof. Dr. Silke Bustamante silke.bustamante@hwr berlin.de Franziska Ihle franziska.ihle@hwr berlin.de Heike Pr\u00fc\u00dfe heike.pruesse@hwr-berlin.de Adresse Hochschule f\u00fcr Wirtschaft und RechtCampus LichtenbergAlt-Friedrichsfelde 60, 10315 Berlin<\/p>\n","protected":false},"author":1,"featured_media":0,"parent":0,"menu_order":0,"comment_status":"closed","ping_status":"closed","template":"","meta":{"footnotes":""},"class_list":["post-7","page","type-page","status-publish","hentry"],"_links":{"self":[{"href":"https:\/\/projekt-klinke.hwr-berlin.de\/index.php?rest_route=\/wp\/v2\/pages\/7","targetHints":{"allow":["GET"]}}],"collection":[{"href":"https:\/\/projekt-klinke.hwr-berlin.de\/index.php?rest_route=\/wp\/v2\/pages"}],"about":[{"href":"https:\/\/projekt-klinke.hwr-berlin.de\/index.php?rest_route=\/wp\/v2\/types\/page"}],"author":[{"embeddable":true,"href":"https:\/\/projekt-klinke.hwr-berlin.de\/index.php?rest_route=\/wp\/v2\/users\/1"}],"replies":[{"embeddable":true,"href":"https:\/\/projekt-klinke.hwr-berlin.de\/index.php?rest_route=%2Fwp%2Fv2%2Fcomments&post=7"}],"version-history":[{"count":5,"href":"https:\/\/projekt-klinke.hwr-berlin.de\/index.php?rest_route=\/wp\/v2\/pages\/7\/revisions"}],"predecessor-version":[{"id":161,"href":"https:\/\/projekt-klinke.hwr-berlin.de\/index.php?rest_route=\/wp\/v2\/pages\/7\/revisions\/161"}],"wp:attachment":[{"href":"https:\/\/projekt-klinke.hwr-berlin.de\/index.php?rest_route=%2Fwp%2Fv2%2Fmedia&parent=7"}],"curies":[{"name":"wp","href":"https:\/\/api.w.org\/{rel}","templated":true}]}}