{"id":5,"date":"2021-11-15T11:52:27","date_gmt":"2021-11-15T10:52:27","guid":{"rendered":"http:\/\/projekt-klinke.hwr-berlin.de\/?page_id=5"},"modified":"2022-07-01T14:11:22","modified_gmt":"2022-07-01T12:11:22","slug":"startseite","status":"publish","type":"page","link":"https:\/\/projekt-klinke.hwr-berlin.de\/","title":{"rendered":"Startseite"},"content":{"rendered":"\n<p><\/p>\n\n\n\n<h2 class=\"has-text-align-center wp-block-heading\">Klimaneutrale Sekund\u00e4rprozesse im Krankenhaus<\/h2>\n\n\n\n<div class=\"wp-block-image\"><figure class=\"aligncenter size-full\"><img loading=\"lazy\" decoding=\"async\" width=\"224\" height=\"105\" src=\"https:\/\/projekt-klinke.hwr-berlin.de\/wp-content\/uploads_projektklinke\/2021\/11\/image-2.png\" alt=\"\" class=\"wp-image-102\"\/><\/figure><\/div>\n\n\n\n<p><\/p>\n\n\n\n<p>Der Gesundheitssektor tr\u00e4gt in Deutschland mit rund f\u00fcnf Prozent zum gesamten deutschen CO<sub>2<\/sub>-Fu\u00dfabdruck bei. Insbesondere Krankenh\u00e4user mit ihrem 24\/7-Betrieb haben einen hohen CO<sub>2<\/sub>-Fu\u00dfabdruck. <\/p>\n\n\n\n<p>Ziel des KlinKe-Projektes ist es zu untersuchen, welche CO<sub>2<\/sub>-Emissionen mit den sekund\u00e4ren Prozessen (z.B. dem Geb\u00e4udebetrieb, den Krankenhaustransporten, der Krankenhauslogistik, dem Einkauf oder der Speisenversorgung) im Krankenhaus verbunden sind und welche Ma\u00dfnahmen ergriffen werden m\u00fcssen, um diese Prozesse klimaneutral zu gestalten.<\/p>\n\n\n\n<p>Eine besondere Rolle im Rahmen des Projekts, hat das Change Management. Durch die Einbindung relevanter Stakeholder und eine adressatengerechte Kommunikation sollen die erforderlichen Ver\u00e4nderungen in den Sekund\u00e4rprozessen erfolgreich angesto\u00dfen werden. <\/p>\n\n\n\n<p><\/p>\n\n\n\n<p><\/p>\n\n\n\n<p> <\/p>\n","protected":false},"excerpt":{"rendered":"<p>Klimaneutrale Sekund\u00e4rprozesse im Krankenhaus Der Gesundheitssektor tr\u00e4gt in Deutschland mit rund f\u00fcnf Prozent zum gesamten deutschen CO2-Fu\u00dfabdruck bei. Insbesondere Krankenh\u00e4user mit ihrem 24\/7-Betrieb haben einen hohen CO2-Fu\u00dfabdruck. Ziel des KlinKe-Projektes ist es zu untersuchen, welche CO2-Emissionen mit den sekund\u00e4ren Prozessen (z.B. dem Geb\u00e4udebetrieb, den Krankenhaustransporten, der Krankenhauslogistik, dem Einkauf oder der Speisenversorgung) im Krankenhaus verbunden &hellip; <\/p>\n<p class=\"link-more\"><a href=\"https:\/\/projekt-klinke.hwr-berlin.de\/\" class=\"more-link\"><span class=\"screen-reader-text\">\u201eStartseite\u201c <\/span>weiterlesen<\/a><\/p>\n","protected":false},"author":1,"featured_media":0,"parent":0,"menu_order":0,"comment_status":"closed","ping_status":"closed","template":"","meta":{"footnotes":""},"class_list":["post-5","page","type-page","status-publish","hentry"],"_links":{"self":[{"href":"https:\/\/projekt-klinke.hwr-berlin.de\/index.php?rest_route=\/wp\/v2\/pages\/5","targetHints":{"allow":["GET"]}}],"collection":[{"href":"https:\/\/projekt-klinke.hwr-berlin.de\/index.php?rest_route=\/wp\/v2\/pages"}],"about":[{"href":"https:\/\/projekt-klinke.hwr-berlin.de\/index.php?rest_route=\/wp\/v2\/types\/page"}],"author":[{"embeddable":true,"href":"https:\/\/projekt-klinke.hwr-berlin.de\/index.php?rest_route=\/wp\/v2\/users\/1"}],"replies":[{"embeddable":true,"href":"https:\/\/projekt-klinke.hwr-berlin.de\/index.php?rest_route=%2Fwp%2Fv2%2Fcomments&post=5"}],"version-history":[{"count":5,"href":"https:\/\/projekt-klinke.hwr-berlin.de\/index.php?rest_route=\/wp\/v2\/pages\/5\/revisions"}],"predecessor-version":[{"id":188,"href":"https:\/\/projekt-klinke.hwr-berlin.de\/index.php?rest_route=\/wp\/v2\/pages\/5\/revisions\/188"}],"wp:attachment":[{"href":"https:\/\/projekt-klinke.hwr-berlin.de\/index.php?rest_route=%2Fwp%2Fv2%2Fmedia&parent=5"}],"curies":[{"name":"wp","href":"https:\/\/api.w.org\/{rel}","templated":true}]}}